{"id":209,"date":"2025-02-17T11:09:02","date_gmt":"2025-02-17T11:09:02","guid":{"rendered":"https:\/\/dev.mammamiaadv.it\/comestai\/?page_id=209"},"modified":"2025-03-05T10:42:31","modified_gmt":"2025-03-05T10:42:31","slug":"chi-siamo","status":"publish","type":"page","link":"https:\/\/dev.mammamiaadv.it\/comestai\/chi-siamo\/","title":{"rendered":"chi siamo"},"content":{"rendered":"\t\t<div data-elementor-type=\"wp-page\" data-elementor-id=\"209\" class=\"elementor elementor-209\" data-elementor-post-type=\"page\">\n\t\t\t\t<div class=\"elementor-element elementor-element-b428cf1 e-flex e-con-boxed e-con e-parent\" data-id=\"b428cf1\" data-element_type=\"container\" data-e-type=\"container\" data-settings=\"{&quot;background_background&quot;:&quot;gradient&quot;}\">\n\t\t\t\t\t<div class=\"e-con-inner\">\n\t\t\t\t<div class=\"elementor-element elementor-element-9b02af5 elementor-headline--style-highlight elementor-widget elementor-widget-animated-headline\" data-id=\"9b02af5\" data-element_type=\"widget\" data-e-type=\"widget\" data-settings=\"{&quot;marker&quot;:&quot;underline&quot;,&quot;highlighted_text&quot;:&quot;prevenzione&quot;,&quot;headline_style&quot;:&quot;highlight&quot;,&quot;loop&quot;:&quot;yes&quot;,&quot;highlight_animation_duration&quot;:1200,&quot;highlight_iteration_delay&quot;:8000}\" data-widget_type=\"animated-headline.default\">\n\t\t\t\t<div class=\"elementor-widget-container\">\n\t\t\t\t\t\t\t<h3 class=\"elementor-headline\">\n\t\t\t\t\t<span class=\"elementor-headline-plain-text elementor-headline-text-wrapper\">La rivoluzione <br>della<\/span>\n\t\t\t\t<span class=\"elementor-headline-dynamic-wrapper elementor-headline-text-wrapper\">\n\t\t\t\t\t<span class=\"elementor-headline-dynamic-text elementor-headline-text-active\">prevenzione<\/span>\n\t\t\t\t<\/span>\n\t\t\t\t<\/h3>\n\t\t\t\t\t\t<\/div>\n\t\t\t\t<\/div>\n\t\t\t\t<div class=\"elementor-element elementor-element-eb2093c elementor-widget__width-initial elementor-widget elementor-widget-text-editor\" data-id=\"eb2093c\" data-element_type=\"widget\" data-e-type=\"widget\" data-widget_type=\"text-editor.default\">\n\t\t\t\t<div class=\"elementor-widget-container\">\n\t\t\t\t\t\t\t\t\t<p class=\"p1\">Come Stai \u00e8 il tuo alleato per un approccio innovativo alla prevenzione della salute. Crediamo che il benessere non sia una meta, ma un percorso continuo. Grazie ai nostri servizi e a tecnologie accessibili rendiamo la prevenzione semplice e alla portata di tutti, in qualsiasi momento. La prevenzione, sempre in tasca.<\/p>\t\t\t\t\t\t\t\t<\/div>\n\t\t\t\t<\/div>\n\t\t\t\t\t<\/div>\n\t\t\t\t<\/div>\n\t\t<div class=\"elementor-element elementor-element-c5848a6 e-flex e-con-boxed e-con e-parent\" data-id=\"c5848a6\" data-element_type=\"container\" data-e-type=\"container\">\n\t\t\t\t\t<div class=\"e-con-inner\">\n\t\t<div class=\"elementor-element elementor-element-0f4e8ae e-con-full e-flex e-con e-child\" data-id=\"0f4e8ae\" data-element_type=\"container\" data-e-type=\"container\" data-settings=\"{&quot;background_background&quot;:&quot;classic&quot;}\">\n\t\t\t\t<div class=\"elementor-element elementor-element-bb8011f elementor-widget elementor-widget-heading\" data-id=\"bb8011f\" data-element_type=\"widget\" data-e-type=\"widget\" data-widget_type=\"heading.default\">\n\t\t\t\t<div class=\"elementor-widget-container\">\n\t\t\t\t\t<h2 class=\"elementor-heading-title elementor-size-default\">Mission<\/h2>\t\t\t\t<\/div>\n\t\t\t\t<\/div>\n\t\t\t\t<div class=\"elementor-element elementor-element-1da999a elementor-widget__width-initial elementor-widget elementor-widget-text-editor\" data-id=\"1da999a\" data-element_type=\"widget\" data-e-type=\"widget\" data-widget_type=\"text-editor.default\">\n\t\t\t\t<div class=\"elementor-widget-container\">\n\t\t\t\t\t\t\t\t\t<p class=\"p1\">Per noi prevenzione significa permettere ad ognuno di prendersi cura della propria salute senza barriere, mettendo in atto in modo libero e autonomo scelte responsabili per il loro benessere fisico ed emotivo.<\/p>\t\t\t\t\t\t\t\t<\/div>\n\t\t\t\t<\/div>\n\t\t\t\t<\/div>\n\t\t<div class=\"elementor-element elementor-element-da30082 e-con-full e-flex e-con e-child\" data-id=\"da30082\" data-element_type=\"container\" data-e-type=\"container\" data-settings=\"{&quot;background_background&quot;:&quot;classic&quot;}\">\n\t\t\t\t<div class=\"elementor-element elementor-element-fdeffa0 elementor-widget elementor-widget-heading\" data-id=\"fdeffa0\" data-element_type=\"widget\" data-e-type=\"widget\" data-widget_type=\"heading.default\">\n\t\t\t\t<div class=\"elementor-widget-container\">\n\t\t\t\t\t<h2 class=\"elementor-heading-title elementor-size-default\">Vision<\/h2>\t\t\t\t<\/div>\n\t\t\t\t<\/div>\n\t\t\t\t<div class=\"elementor-element elementor-element-7bd89c4 elementor-widget__width-initial elementor-widget elementor-widget-text-editor\" data-id=\"7bd89c4\" data-element_type=\"widget\" data-e-type=\"widget\" data-widget_type=\"text-editor.default\">\n\t\t\t\t<div class=\"elementor-widget-container\">\n\t\t\t\t\t\t\t\t\t<p class=\"p1\">Sviluppiamo soluzioni tecnologiche innovative che trasformano il modo di gestire la salute, rendendo la prevenzione pi\u00f9 semplice e pratica. Vogliamo migliorare la qualit\u00e0 della vita delle persone diventando il punto di riferimento per la protezione della loro salute.<\/p>\t\t\t\t\t\t\t\t<\/div>\n\t\t\t\t<\/div>\n\t\t\t\t<\/div>\n\t\t\t\t\t<\/div>\n\t\t\t\t<\/div>\n\t\t<div class=\"elementor-element elementor-element-14ffb1e elementor-hidden-tablet elementor-hidden-mobile e-flex e-con-boxed e-con e-parent\" data-id=\"14ffb1e\" data-element_type=\"container\" data-e-type=\"container\">\n\t\t\t\t\t<div class=\"e-con-inner\">\n\t\t\t\t<div class=\"elementor-element elementor-element-f4bd981 elementor-widget elementor-widget-image\" data-id=\"f4bd981\" data-element_type=\"widget\" data-e-type=\"widget\" data-widget_type=\"image.default\">\n\t\t\t\t<div class=\"elementor-widget-container\">\n\t\t\t\t\t\t\t\t\t\t\t\t\t\t\t<img fetchpriority=\"high\" decoding=\"async\" width=\"308\" height=\"308\" src=\"https:\/\/dev.mammamiaadv.it\/comestai\/wp-content\/uploads\/2025\/02\/Ellipse-1.png\" class=\"attachment-large size-large wp-image-405\" alt=\"\" srcset=\"https:\/\/dev.mammamiaadv.it\/comestai\/wp-content\/uploads\/2025\/02\/Ellipse-1.png 308w, https:\/\/dev.mammamiaadv.it\/comestai\/wp-content\/uploads\/2025\/02\/Ellipse-1-300x300.png 300w, https:\/\/dev.mammamiaadv.it\/comestai\/wp-content\/uploads\/2025\/02\/Ellipse-1-150x150.png 150w\" sizes=\"(max-width: 308px) 100vw, 308px\" \/>\t\t\t\t\t\t\t\t\t\t\t\t\t\t\t<\/div>\n\t\t\t\t<\/div>\n\t\t\t\t\t<\/div>\n\t\t\t\t<\/div>\n\t\t<div class=\"elementor-element elementor-element-7d09968 e-flex e-con-boxed e-con e-parent\" data-id=\"7d09968\" data-element_type=\"container\" data-e-type=\"container\">\n\t\t\t\t\t<div class=\"e-con-inner\">\n\t\t\t\t<div class=\"elementor-element elementor-element-87fb922 elementor-headline--style-highlight elementor-widget elementor-widget-animated-headline\" data-id=\"87fb922\" data-element_type=\"widget\" data-e-type=\"widget\" data-settings=\"{&quot;marker&quot;:&quot;underline&quot;,&quot;headline_style&quot;:&quot;highlight&quot;,&quot;loop&quot;:&quot;yes&quot;,&quot;highlight_animation_duration&quot;:1200,&quot;highlight_iteration_delay&quot;:8000}\" data-widget_type=\"animated-headline.default\">\n\t\t\t\t<div class=\"elementor-widget-container\">\n\t\t\t\t\t\t\t<h3 class=\"elementor-headline\">\n\t\t\t\t\t<span class=\"elementor-headline-plain-text elementor-headline-text-wrapper\">A chi ci rivolgiamo<\/span>\n\t\t\t\t<span class=\"elementor-headline-dynamic-wrapper elementor-headline-text-wrapper\">\n\t\t\t\t<\/span>\n\t\t\t\t<\/h3>\n\t\t\t\t\t\t<\/div>\n\t\t\t\t<\/div>\n\t\t\t\t<div class=\"elementor-element elementor-element-681f4b5 elementor-widget__width-initial elementor-widget elementor-widget-text-editor\" data-id=\"681f4b5\" data-element_type=\"widget\" data-e-type=\"widget\" data-widget_type=\"text-editor.default\">\n\t\t\t\t<div class=\"elementor-widget-container\">\n\t\t\t\t\t\t\t\t\t<p class=\"p1\">Le nostre soluzioni di prevenzione della salute si rivolgono a privati, famiglie, professionisti e aziende che desiderano prendersi cura della propria salute in modo proattivo. Se sei un individuo che vuole proteggere la propria salute o un\u2019azienda che desidera garantire il benessere dei propri dipendenti, siamo al tuo fianco con soluzioni sempre disponibili e facili da usare.<\/p>\t\t\t\t\t\t\t\t<\/div>\n\t\t\t\t<\/div>\n\t\t<div class=\"elementor-element elementor-element-900ebb6 e-con-full e-flex e-con e-child\" data-id=\"900ebb6\" data-element_type=\"container\" data-e-type=\"container\" data-settings=\"{&quot;background_background&quot;:&quot;classic&quot;}\">\n\t\t\t\t<div class=\"elementor-element elementor-element-e7366cc elementor-position-left elementor-vertical-align-top elementor-widget elementor-widget-image-box\" data-id=\"e7366cc\" data-element_type=\"widget\" data-e-type=\"widget\" data-widget_type=\"image-box.default\">\n\t\t\t\t<div class=\"elementor-widget-container\">\n\t\t\t\t\t<div class=\"elementor-image-box-wrapper\"><figure class=\"elementor-image-box-img\"><img decoding=\"async\" width=\"852\" height=\"808\" src=\"https:\/\/dev.mammamiaadv.it\/comestai\/wp-content\/uploads\/2025\/02\/Screenshot-2025-02-18-alle-17.15.20.png\" class=\"attachment-full size-full wp-image-371\" alt=\"\" srcset=\"https:\/\/dev.mammamiaadv.it\/comestai\/wp-content\/uploads\/2025\/02\/Screenshot-2025-02-18-alle-17.15.20.png 852w, https:\/\/dev.mammamiaadv.it\/comestai\/wp-content\/uploads\/2025\/02\/Screenshot-2025-02-18-alle-17.15.20-300x285.png 300w, https:\/\/dev.mammamiaadv.it\/comestai\/wp-content\/uploads\/2025\/02\/Screenshot-2025-02-18-alle-17.15.20-768x728.png 768w\" sizes=\"(max-width: 852px) 100vw, 852px\" \/><\/figure><div class=\"elementor-image-box-content\"><h3 class=\"elementor-image-box-title\">Privati<\/h3><p class=\"elementor-image-box-description\">Con lo smartphone oggi facciamo tutto, dalla spesa ai pagamenti. Perch\u00e9 non renderlo anche uno strumento di prevenzione e monitoraggio della propria salute? Senza attese, senza spostamenti, senza costi superflui.\u00a0\u00a0<\/p><\/div><\/div>\t\t\t\t<\/div>\n\t\t\t\t<\/div>\n\t\t\t\t<\/div>\n\t\t<div class=\"elementor-element elementor-element-f616a11 e-con-full e-flex e-con e-child\" data-id=\"f616a11\" data-element_type=\"container\" data-e-type=\"container\" data-settings=\"{&quot;background_background&quot;:&quot;classic&quot;}\">\n\t\t\t\t<div class=\"elementor-element elementor-element-4f8df74 elementor-position-right elementor-vertical-align-top elementor-widget elementor-widget-image-box\" data-id=\"4f8df74\" data-element_type=\"widget\" data-e-type=\"widget\" data-widget_type=\"image-box.default\">\n\t\t\t\t<div class=\"elementor-widget-container\">\n\t\t\t\t\t<div class=\"elementor-image-box-wrapper\"><figure class=\"elementor-image-box-img\"><img decoding=\"async\" width=\"872\" height=\"794\" src=\"https:\/\/dev.mammamiaadv.it\/comestai\/wp-content\/uploads\/2025\/02\/Screenshot-2025-02-18-alle-17.16.06.png\" class=\"attachment-full size-full wp-image-372\" alt=\"\" srcset=\"https:\/\/dev.mammamiaadv.it\/comestai\/wp-content\/uploads\/2025\/02\/Screenshot-2025-02-18-alle-17.16.06.png 872w, https:\/\/dev.mammamiaadv.it\/comestai\/wp-content\/uploads\/2025\/02\/Screenshot-2025-02-18-alle-17.16.06-300x273.png 300w, https:\/\/dev.mammamiaadv.it\/comestai\/wp-content\/uploads\/2025\/02\/Screenshot-2025-02-18-alle-17.16.06-768x699.png 768w\" sizes=\"(max-width: 872px) 100vw, 872px\" \/><\/figure><div class=\"elementor-image-box-content\"><h3 class=\"elementor-image-box-title\">Aziende<\/h3><p class=\"elementor-image-box-description\">Creare un luogo di lavoro attento al benessere \u00e8 il primo passo per creare serenit\u00e0, e di conseguenza aumentare la produttivit\u00e0. Sosteniamo l\u2019integrazione\u00a0di servizi per il benessere dei dipendenti di grandi e piccole aziende, con soluzioni dedicate e personalizzate.<\/p><\/div><\/div>\t\t\t\t<\/div>\n\t\t\t\t<\/div>\n\t\t\t\t<\/div>\n\t\t\t\t\t<\/div>\n\t\t\t\t<\/div>\n\t\t<div class=\"elementor-element elementor-element-6ec5cd6 e-flex e-con-boxed e-con e-parent\" data-id=\"6ec5cd6\" data-element_type=\"container\" data-e-type=\"container\">\n\t\t\t\t\t<div class=\"e-con-inner\">\n\t\t<div class=\"elementor-element elementor-element-1da6056 e-con-full e-flex e-con e-child\" data-id=\"1da6056\" data-element_type=\"container\" data-e-type=\"container\" data-settings=\"{&quot;background_background&quot;:&quot;gradient&quot;}\">\n\t\t<div class=\"elementor-element elementor-element-f88e09a e-con-full e-flex e-con e-child\" data-id=\"f88e09a\" data-element_type=\"container\" data-e-type=\"container\" data-settings=\"{&quot;background_background&quot;:&quot;classic&quot;}\">\n\t\t\t\t<div class=\"elementor-element elementor-element-f9e000f elementor-widget elementor-widget-spacer\" data-id=\"f9e000f\" data-element_type=\"widget\" data-e-type=\"widget\" data-widget_type=\"spacer.default\">\n\t\t\t\t<div class=\"elementor-widget-container\">\n\t\t\t\t\t\t\t<div class=\"elementor-spacer\">\n\t\t\t<div class=\"elementor-spacer-inner\"><\/div>\n\t\t<\/div>\n\t\t\t\t\t\t<\/div>\n\t\t\t\t<\/div>\n\t\t\t\t<\/div>\n\t\t<div class=\"elementor-element elementor-element-0699103 e-con-full e-flex e-con e-child\" data-id=\"0699103\" data-element_type=\"container\" data-e-type=\"container\">\n\t\t<div class=\"elementor-element elementor-element-787c02c e-con-full e-flex e-con e-child\" data-id=\"787c02c\" data-element_type=\"container\" data-e-type=\"container\">\n\t\t\t\t<div class=\"elementor-element elementor-element-f3baf28 elementor-widget__width-initial elementor-widget elementor-widget-heading\" data-id=\"f3baf28\" data-element_type=\"widget\" data-e-type=\"widget\" data-widget_type=\"heading.default\">\n\t\t\t\t<div class=\"elementor-widget-container\">\n\t\t\t\t\t<h2 class=\"elementor-heading-title elementor-size-default\">Il nostro impegno per un benessere senza confini<\/h2>\t\t\t\t<\/div>\n\t\t\t\t<\/div>\n\t\t\t\t<div class=\"elementor-element elementor-element-09136aa elementor-widget__width-initial elementor-widget elementor-widget-text-editor\" data-id=\"09136aa\" data-element_type=\"widget\" data-e-type=\"widget\" data-widget_type=\"text-editor.default\">\n\t\t\t\t<div class=\"elementor-widget-container\">\n\t\t\t\t\t\t\t\t\t<p>Ci impegniamo a rendere la prevenzione non solo accessibile, ma parte integrante dello stile di vita di ogni persona. Il nostro obiettivo \u00e8 trasformare il monitoraggio della salute in un&#8217;abitudine quotidiana, con check costanti che ti permettano di monitorare il tuo benessere ovunque ti trovi.<\/p><p>Superiamo le barriere linguistiche, culturali e tecnologiche, creando soluzioni che rendano la prevenzione semplice e continua, per tutti. Con il nostro supporto, la salute diventa un impegno costante e accessibile, senza confini<\/p>\t\t\t\t\t\t\t\t<\/div>\n\t\t\t\t<\/div>\n\t\t\t\t<\/div>\n\t\t<div class=\"elementor-element elementor-element-ed114d8 e-con-full e-flex e-con e-child\" data-id=\"ed114d8\" data-element_type=\"container\" data-e-type=\"container\" data-settings=\"{&quot;background_background&quot;:&quot;classic&quot;}\">\n\t\t\t\t<div class=\"elementor-element elementor-element-3699c79 elementor-widget__width-initial elementor-widget elementor-widget-heading\" data-id=\"3699c79\" data-element_type=\"widget\" data-e-type=\"widget\" data-widget_type=\"heading.default\">\n\t\t\t\t<div class=\"elementor-widget-container\">\n\t\t\t\t\t<h2 class=\"elementor-heading-title elementor-size-default\">Comitato Tecnico Scientifico (CTS)<\/h2>\t\t\t\t<\/div>\n\t\t\t\t<\/div>\n\t\t\t\t<div class=\"elementor-element elementor-element-71387fa elementor-widget__width-initial elementor-widget elementor-widget-text-editor\" data-id=\"71387fa\" data-element_type=\"widget\" data-e-type=\"widget\" data-widget_type=\"text-editor.default\">\n\t\t\t\t<div class=\"elementor-widget-container\">\n\t\t\t\t\t\t\t\t\t<p>Un team di esperti monitora la validit\u00e0 scientifica e regolatoria delle nostre soluzioni, garantendo affidabilit\u00e0 e sicurezza.<\/p>\t\t\t\t\t\t\t\t<\/div>\n\t\t\t\t<\/div>\n\t\t\t\t<\/div>\n\t\t\t\t<\/div>\n\t\t\t\t<\/div>\n\t\t\t\t\t<\/div>\n\t\t\t\t<\/div>\n\t\t<div class=\"elementor-element elementor-element-98d0427 e-flex e-con-boxed e-con e-parent\" data-id=\"98d0427\" data-element_type=\"container\" data-e-type=\"container\">\n\t\t\t\t\t<div class=\"e-con-inner\">\n\t\t\t\t<div class=\"elementor-element elementor-element-a5b78e7 elementor-headline--style-highlight elementor-widget elementor-widget-animated-headline\" data-id=\"a5b78e7\" data-element_type=\"widget\" data-e-type=\"widget\" data-settings=\"{&quot;marker&quot;:&quot;underline&quot;,&quot;highlighted_text&quot;:&quot;progetto&quot;,&quot;headline_style&quot;:&quot;highlight&quot;,&quot;loop&quot;:&quot;yes&quot;,&quot;highlight_animation_duration&quot;:1200,&quot;highlight_iteration_delay&quot;:8000}\" data-widget_type=\"animated-headline.default\">\n\t\t\t\t<div class=\"elementor-widget-container\">\n\t\t\t\t\t\t\t<h3 class=\"elementor-headline\">\n\t\t\t\t\t<span class=\"elementor-headline-plain-text elementor-headline-text-wrapper\">Come nasce il<\/span>\n\t\t\t\t<span class=\"elementor-headline-dynamic-wrapper elementor-headline-text-wrapper\">\n\t\t\t\t\t<span class=\"elementor-headline-dynamic-text elementor-headline-text-active\">progetto<\/span>\n\t\t\t\t<\/span>\n\t\t\t\t<\/h3>\n\t\t\t\t\t\t<\/div>\n\t\t\t\t<\/div>\n\t\t\t\t<div class=\"elementor-element elementor-element-0e10b66 elementor-widget__width-initial elementor-widget elementor-widget-text-editor\" data-id=\"0e10b66\" data-element_type=\"widget\" data-e-type=\"widget\" data-widget_type=\"text-editor.default\">\n\t\t\t\t<div class=\"elementor-widget-container\">\n\t\t\t\t\t\t\t\t\t<p class=\"p1\">Come Stai S.p.A. nasce a luglio 2023 dalla volont\u00e0 di due aziende forti come Gruppo De Pasquale e Vittoria Assicurazioni di realizzare un hub di servizi digitali per la prevenzione della salute.<\/p>\t\t\t\t\t\t\t\t<\/div>\n\t\t\t\t<\/div>\n\t\t<div class=\"elementor-element elementor-element-4e2913f e-con-full e-flex e-con e-child\" data-id=\"4e2913f\" data-element_type=\"container\" data-e-type=\"container\">\n\t\t<div class=\"elementor-element elementor-element-7668cf4 e-con-full e-flex e-con e-child\" data-id=\"7668cf4\" data-element_type=\"container\" data-e-type=\"container\" data-settings=\"{&quot;background_background&quot;:&quot;classic&quot;}\">\n\t\t\t\t<div class=\"elementor-element elementor-element-a646377 elementor-widget elementor-widget-image\" data-id=\"a646377\" data-element_type=\"widget\" data-e-type=\"widget\" data-widget_type=\"image.default\">\n\t\t\t\t<div class=\"elementor-widget-container\">\n\t\t\t\t\t\t\t\t\t\t\t\t\t\t\t<img loading=\"lazy\" decoding=\"async\" width=\"304\" height=\"81\" src=\"https:\/\/dev.mammamiaadv.it\/comestai\/wp-content\/uploads\/2025\/02\/Logo_negativo-1.png\" class=\"attachment-full size-full wp-image-375\" alt=\"\" srcset=\"https:\/\/dev.mammamiaadv.it\/comestai\/wp-content\/uploads\/2025\/02\/Logo_negativo-1.png 304w, https:\/\/dev.mammamiaadv.it\/comestai\/wp-content\/uploads\/2025\/02\/Logo_negativo-1-300x80.png 300w\" sizes=\"(max-width: 304px) 100vw, 304px\" \/>\t\t\t\t\t\t\t\t\t\t\t\t\t\t\t<\/div>\n\t\t\t\t<\/div>\n\t\t\t\t<div class=\"elementor-element elementor-element-a2bddfd elementor-widget elementor-widget-spacer\" data-id=\"a2bddfd\" data-element_type=\"widget\" data-e-type=\"widget\" data-widget_type=\"spacer.default\">\n\t\t\t\t<div class=\"elementor-widget-container\">\n\t\t\t\t\t\t\t<div class=\"elementor-spacer\">\n\t\t\t<div class=\"elementor-spacer-inner\"><\/div>\n\t\t<\/div>\n\t\t\t\t\t\t<\/div>\n\t\t\t\t<\/div>\n\t\t\t\t<div class=\"elementor-element elementor-element-34b2d86 elementor-widget__width-initial elementor-widget elementor-widget-text-editor\" data-id=\"34b2d86\" data-element_type=\"widget\" data-e-type=\"widget\" data-widget_type=\"text-editor.default\">\n\t\t\t\t<div class=\"elementor-widget-container\">\n\t\t\t\t\t\t\t\t\t<p class=\"p1\">ll Gruppo de Pasquale, fondato nel 1980, \u00e8 leader nelle soluzioni di Outsourcing e, grazie alle proprie aziende partner, opera in diversi settori, portando esperienza consolidata, nuovi modelli di gestione e soluzioni personalizzate.<br \/><br \/>Il Gruppo De Pasquale riesce a offrire soluzioni agili e personalizzate che generano valore aggiunto in diverse aree di business cercando di anticipare la domanda e i trend del mercato. In questo modo, il Gruppo \u00e8 stato in grado di affrontare nuove sfide di cambiamento e innovazione.<br \/><br \/>Una prospettiva che il Gruppo De Pasquale intende continuare a seguire anche nel futuro, puntando all\u2019innovazione e valorizzando le competenze con le giuste tecnologie.<\/p>\t\t\t\t\t\t\t\t<\/div>\n\t\t\t\t<\/div>\n\t\t\t\t<\/div>\n\t\t<div class=\"elementor-element elementor-element-65b2c93 e-con-full e-flex e-con e-child\" data-id=\"65b2c93\" data-element_type=\"container\" data-e-type=\"container\" data-settings=\"{&quot;background_background&quot;:&quot;classic&quot;}\">\n\t\t\t\t<div class=\"elementor-element elementor-element-81ae7d1 elementor-widget elementor-widget-image\" data-id=\"81ae7d1\" data-element_type=\"widget\" data-e-type=\"widget\" data-widget_type=\"image.default\">\n\t\t\t\t<div class=\"elementor-widget-container\">\n\t\t\t\t\t\t\t\t\t\t\t\t\t\t\t<img loading=\"lazy\" decoding=\"async\" width=\"278\" height=\"81\" src=\"https:\/\/dev.mammamiaadv.it\/comestai\/wp-content\/uploads\/2025\/02\/Logo-vittoria-assicurazioni-extended-1.png\" class=\"attachment-full size-full wp-image-374\" alt=\"\" \/>\t\t\t\t\t\t\t\t\t\t\t\t\t\t\t<\/div>\n\t\t\t\t<\/div>\n\t\t\t\t<div class=\"elementor-element elementor-element-fa4b7a9 elementor-widget elementor-widget-spacer\" data-id=\"fa4b7a9\" data-element_type=\"widget\" data-e-type=\"widget\" data-widget_type=\"spacer.default\">\n\t\t\t\t<div class=\"elementor-widget-container\">\n\t\t\t\t\t\t\t<div class=\"elementor-spacer\">\n\t\t\t<div class=\"elementor-spacer-inner\"><\/div>\n\t\t<\/div>\n\t\t\t\t\t\t<\/div>\n\t\t\t\t<\/div>\n\t\t\t\t<div class=\"elementor-element elementor-element-8b3e3c2 elementor-widget__width-initial elementor-widget elementor-widget-text-editor\" data-id=\"8b3e3c2\" data-element_type=\"widget\" data-e-type=\"widget\" data-widget_type=\"text-editor.default\">\n\t\t\t\t<div class=\"elementor-widget-container\">\n\t\t\t\t\t\t\t\t\t<p class=\"p1\">Socio maggioritario \u00e8 Vittoria Servizi che \u00e8 la societ\u00e0 dedicata ai servizi non assicurativi di Vittoria Assicurazioni.<br \/><br \/>Vittoria Assicurazioni opera in tutti i settori del rischio e fonda la propria attivit\u00e0 su una lunga esperienza, maturata dal 1921 ad oggi, in campo assicurativo per la tutela delle persone, della famiglia e delle aziende.<br \/><br \/>La solidit\u00e0 dell\u2019azienda \u00e8 garantita dalla qualit\u00e0 dell\u2019azionariato e dalla professionalit\u00e0 della capillare rete distributiva. Vittoria Assicurazioni significa competenza e esperienza di un Team assicuratori che lavora costantemente per trovare le migliori soluzioni ai bisogni di protezione e sicurezza delle persone.<\/p>\t\t\t\t\t\t\t\t<\/div>\n\t\t\t\t<\/div>\n\t\t\t\t<\/div>\n\t\t\t\t<\/div>\n\t\t\t\t\t<\/div>\n\t\t\t\t<\/div>\n\t\t\t\t<\/div>\n\t\t","protected":false},"excerpt":{"rendered":"<p>La rivoluzione della prevenzione Come Stai \u00e8 il tuo alleato per un approccio innovativo alla prevenzione della salute. Crediamo che il benessere non sia una meta, ma un percorso continuo. Grazie ai nostri servizi e a tecnologie accessibili rendiamo la prevenzione semplice e alla portata di tutti, in qualsiasi momento. La prevenzione, sempre in tasca. [&hellip;]<\/p>\n","protected":false},"author":1,"featured_media":0,"parent":0,"menu_order":0,"comment_status":"closed","ping_status":"closed","template":"elementor_header_footer","meta":{"footnotes":""},"class_list":["post-209","page","type-page","status-publish","hentry"],"_links":{"self":[{"href":"https:\/\/dev.mammamiaadv.it\/comestai\/wp-json\/wp\/v2\/pages\/209","targetHints":{"allow":["GET"]}}],"collection":[{"href":"https:\/\/dev.mammamiaadv.it\/comestai\/wp-json\/wp\/v2\/pages"}],"about":[{"href":"https:\/\/dev.mammamiaadv.it\/comestai\/wp-json\/wp\/v2\/types\/page"}],"author":[{"embeddable":true,"href":"https:\/\/dev.mammamiaadv.it\/comestai\/wp-json\/wp\/v2\/users\/1"}],"replies":[{"embeddable":true,"href":"https:\/\/dev.mammamiaadv.it\/comestai\/wp-json\/wp\/v2\/comments?post=209"}],"version-history":[{"count":128,"href":"https:\/\/dev.mammamiaadv.it\/comestai\/wp-json\/wp\/v2\/pages\/209\/revisions"}],"predecessor-version":[{"id":1931,"href":"https:\/\/dev.mammamiaadv.it\/comestai\/wp-json\/wp\/v2\/pages\/209\/revisions\/1931"}],"wp:attachment":[{"href":"https:\/\/dev.mammamiaadv.it\/comestai\/wp-json\/wp\/v2\/media?parent=209"}],"curies":[{"name":"wp","href":"https:\/\/api.w.org\/{rel}","templated":true}]}}